{"id":1583,"date":"2020-01-09T04:33:29","date_gmt":"2020-01-09T04:33:29","guid":{"rendered":"http:\/\/wpdemo.archiwp.com\/engitech\/?page_id=1583"},"modified":"2024-05-10T20:38:03","modified_gmt":"2024-05-10T18:38:03","slug":"micros-workstation-6-pos-terminals-oracle","status":"publish","type":"page","link":"https:\/\/pospan.com\/newwebsite\/soluciones-oracle\/micros-workstation-6-pos-terminals-oracle\/","title":{"rendered":"Oracle Workstation 6 POS Terminals | Oracle"},"content":{"rendered":"\t\t<div data-elementor-type=\"wp-page\" data-elementor-id=\"1583\" class=\"elementor elementor-1583\">\n\t\t\t\t\t\t<section class=\"elementor-section elementor-top-section elementor-element elementor-element-f983331 elementor-section-content-middle ot-traditional elementor-section-boxed elementor-section-height-default elementor-section-height-default\" data-id=\"f983331\" data-element_type=\"section\">\n\t\t\t\t\t\t<div class=\"elementor-container elementor-column-gap-extended\">\n\t\t\t\t\t<div class=\"elementor-column elementor-col-50 elementor-top-column elementor-element elementor-element-fb1c096 ot-flex-column-vertical\" data-id=\"fb1c096\" data-element_type=\"column\">\n\t\t\t<div class=\"elementor-widget-wrap elementor-element-populated\">\n\t\t\t\t\t\t<div class=\"elementor-element elementor-element-ab8c75d elementor-widget elementor-widget-image\" data-id=\"ab8c75d\" data-element_type=\"widget\" data-widget_type=\"image.default\">\n\t\t\t\t<div class=\"elementor-widget-container\">\n\t\t\t\t\t\t\t\t\t\t\t\t\t\t\t<img fetchpriority=\"high\" decoding=\"async\" width=\"1200\" height=\"971\" src=\"https:\/\/pospan.com\/newwebsite\/wp-content\/uploads\/2024\/05\/om-ws655x1200.png\" class=\"attachment-full size-full wp-image-5601\" alt=\"\" srcset=\"https:\/\/pospan.com\/newwebsite\/wp-content\/uploads\/2024\/05\/om-ws655x1200.png 1200w, https:\/\/pospan.com\/newwebsite\/wp-content\/uploads\/2024\/05\/om-ws655x1200-300x243.png 300w, https:\/\/pospan.com\/newwebsite\/wp-content\/uploads\/2024\/05\/om-ws655x1200-1024x829.png 1024w, https:\/\/pospan.com\/newwebsite\/wp-content\/uploads\/2024\/05\/om-ws655x1200-768x621.png 768w, https:\/\/pospan.com\/newwebsite\/wp-content\/uploads\/2024\/05\/om-ws655x1200-720x583.png 720w\" sizes=\"(max-width: 1200px) 100vw, 1200px\" \/>\t\t\t\t\t\t\t\t\t\t\t\t\t\t\t<\/div>\n\t\t\t\t<\/div>\n\t\t\t\t\t<\/div>\n\t\t<\/div>\n\t\t\t\t<div class=\"elementor-column elementor-col-50 elementor-top-column elementor-element elementor-element-8d40657 ot-flex-column-vertical\" data-id=\"8d40657\" data-element_type=\"column\">\n\t\t\t<div class=\"elementor-widget-wrap elementor-element-populated\">\n\t\t\t\t\t\t<div class=\"elementor-element elementor-element-b059e25 elementor-widget elementor-widget-iheading\" data-id=\"b059e25\" data-element_type=\"widget\" data-widget_type=\"iheading.default\">\n\t\t\t\t<div class=\"elementor-widget-container\">\n\t\t\t\t\t\t\t<div class=\"ot-heading\">\r\n\t        \t            <span>micros oracle<\/span>\r\n\t        <h2 class=\"main-heading\">Estaci\u00f3n de trabajo 6 terminales POS\n<\/h2>\t    <\/div>\r\n\t    \t\t\t\t<\/div>\n\t\t\t\t<\/div>\n\t\t\t\t<section class=\"elementor-section elementor-inner-section elementor-element elementor-element-5f1f08f elementor-section-full_width ot-traditional elementor-section-height-default elementor-section-height-default\" data-id=\"5f1f08f\" data-element_type=\"section\">\n\t\t\t\t\t\t<div class=\"elementor-container elementor-column-gap-extended\">\n\t\t\t\t\t<div class=\"elementor-column elementor-col-100 elementor-inner-column elementor-element elementor-element-4abda34 ot-flex-column-vertical\" data-id=\"4abda34\" data-element_type=\"column\">\n\t\t\t<div class=\"elementor-widget-wrap elementor-element-populated\">\n\t\t\t\t\t\t<div class=\"elementor-element elementor-element-c17b254 elementor-widget elementor-widget-text-editor\" data-id=\"c17b254\" data-element_type=\"widget\" data-widget_type=\"text-editor.default\">\n\t\t\t\t<div class=\"elementor-widget-container\">\n\t\t\t\t\t\t\t\t\t<p>Las inversiones en hardware de POS pueden acumularse r\u00e1pidamente si est\u00e1 creando una estrategia que priorice los dispositivos m\u00f3viles. Con las soluciones Oracle, puede mantener bajos los costos de hardware de POS de su restaurante, aumentar la velocidad del servicio, ampliar los canales de ventas y reducir el desperdicio. Cambie a Simphony POS y obtenga una Workstation 6.<\/p>\t\t\t\t\t\t\t\t<\/div>\n\t\t\t\t<\/div>\n\t\t\t\t\t<\/div>\n\t\t<\/div>\n\t\t\t\t\t<\/div>\n\t\t<\/section>\n\t\t\t\t\t<\/div>\n\t\t<\/div>\n\t\t\t\t\t<\/div>\n\t\t<\/section>\n\t\t\t\t<section class=\"elementor-section elementor-top-section elementor-element elementor-element-1cf364b elementor-section-full_width ot-traditional elementor-section-height-default elementor-section-height-default\" data-id=\"1cf364b\" data-element_type=\"section\" data-settings=\"{&quot;background_background&quot;:&quot;classic&quot;}\">\n\t\t\t\t\t\t<div class=\"elementor-container elementor-column-gap-no\">\n\t\t\t\t\t<div class=\"elementor-column elementor-col-50 elementor-top-column elementor-element elementor-element-8c8e883 ot-flex-column-vertical\" data-id=\"8c8e883\" data-element_type=\"column\">\n\t\t\t<div class=\"elementor-widget-wrap elementor-element-populated\">\n\t\t\t\t\t\t<section class=\"elementor-section elementor-inner-section elementor-element elementor-element-d619fd2 elementor-section-full_width ot-traditional elementor-section-height-default elementor-section-height-default\" data-id=\"d619fd2\" data-element_type=\"section\">\n\t\t\t\t\t\t<div class=\"elementor-container elementor-column-gap-default\">\n\t\t\t\t\t<div class=\"elementor-column elementor-col-100 elementor-inner-column elementor-element elementor-element-475b0e1 ot-flex-column-vertical\" data-id=\"475b0e1\" data-element_type=\"column\">\n\t\t\t<div class=\"elementor-widget-wrap elementor-element-populated\">\n\t\t\t\t\t\t<div class=\"elementor-element elementor-element-e4bc039 elementor-widget elementor-widget-iheading\" data-id=\"e4bc039\" data-element_type=\"widget\" data-widget_type=\"iheading.default\">\n\t\t\t\t<div class=\"elementor-widget-container\">\n\t\t\t\t\t\t\t<div class=\"ot-heading\">\r\n\t        \t            <span>Estaci\u00f3n de trabajo 6 terminales POS<\/span>\r\n\t        <h2 class=\"main-heading\">El mejor terminal POS de su clase<\/h2>\t    <\/div>\r\n\t    \t\t\t\t<\/div>\n\t\t\t\t<\/div>\n\t\t\t\t<div class=\"elementor-element elementor-element-290dc59 elementor-widget elementor-widget-text-editor\" data-id=\"290dc59\" data-element_type=\"widget\" data-widget_type=\"text-editor.default\">\n\t\t\t\t<div class=\"elementor-widget-container\">\n\t\t\t\t\t\t\t\t\t<p>Nuestras terminales POS ayudan a los restaurantes a evitar la costosa inversi\u00f3n inicial en hardware POS. Hable con un experto de POS PAN sobre los productos de Oracle y c\u00f3mo aprovechar\u00a0 y cambiarse a Simphony, nuestra plataforma de gesti\u00f3n de restaurantes basada en la nube.<\/p>\t\t\t\t\t\t\t\t<\/div>\n\t\t\t\t<\/div>\n\t\t\t\t<div class=\"elementor-element elementor-element-53f85c4 elementor-widget elementor-widget-ibutton\" data-id=\"53f85c4\" data-element_type=\"widget\" data-widget_type=\"ibutton.default\">\n\t\t\t\t<div class=\"elementor-widget-container\">\n\t\t\t\t\t\t\t<div class=\"ot-button\">\r\n\t\t\t<a href=\"https:\/\/pospan.com\/newwebsite\/contacto\/\" class=\"octf-btn octf-btn-primary\">SOLICITE UNA PRUEBA<\/a>\r\n\t    <\/div>\r\n\t    \t\t\t\t<\/div>\n\t\t\t\t<\/div>\n\t\t\t\t\t<\/div>\n\t\t<\/div>\n\t\t\t\t\t<\/div>\n\t\t<\/section>\n\t\t\t\t\t<\/div>\n\t\t<\/div>\n\t\t\t\t<div class=\"elementor-column elementor-col-50 elementor-top-column elementor-element elementor-element-a2c8f86 ot-column-items-center ot-flex-column-vertical\" data-id=\"a2c8f86\" data-element_type=\"column\" data-settings=\"{&quot;background_background&quot;:&quot;classic&quot;}\">\n\t\t\t<div class=\"elementor-widget-wrap elementor-element-populated\">\n\t\t\t\t\t\t<div class=\"elementor-element elementor-element-ac869e3 elementor-widget elementor-widget-video\" data-id=\"ac869e3\" data-element_type=\"widget\" data-settings=\"{&quot;youtube_url&quot;:&quot;https:\\\/\\\/www.youtube.com\\\/watch?v=Nf4NTYkJamc&quot;,&quot;autoplay&quot;:&quot;yes&quot;,&quot;video_type&quot;:&quot;youtube&quot;,&quot;controls&quot;:&quot;yes&quot;}\" data-widget_type=\"video.default\">\n\t\t\t\t<div class=\"elementor-widget-container\">\n\t\t\t\t\t\t\t<div class=\"elementor-wrapper elementor-open-inline\">\n\t\t\t<div class=\"elementor-video\"><\/div>\t\t<\/div>\n\t\t\t\t\t\t<\/div>\n\t\t\t\t<\/div>\n\t\t\t\t\t<\/div>\n\t\t<\/div>\n\t\t\t\t\t<\/div>\n\t\t<\/section>\n\t\t\t\t<section class=\"elementor-section elementor-top-section elementor-element elementor-element-c2683a6 ot-traditional elementor-section-boxed elementor-section-height-default elementor-section-height-default\" data-id=\"c2683a6\" data-element_type=\"section\">\n\t\t\t\t\t\t<div class=\"elementor-container elementor-column-gap-extended\">\n\t\t\t\t\t<div class=\"elementor-column elementor-col-33 elementor-top-column elementor-element elementor-element-c78c094 ot-flex-column-vertical\" data-id=\"c78c094\" data-element_type=\"column\">\n\t\t\t<div class=\"elementor-widget-wrap elementor-element-populated\">\n\t\t\t\t\t\t<div class=\"elementor-element elementor-element-30f5848 elementor-widget elementor-widget-iservice_box\" data-id=\"30f5848\" data-element_type=\"widget\" data-widget_type=\"iservice_box.default\">\n\t\t\t\t<div class=\"elementor-widget-container\">\n\t\t\t\t\t\r\n\t\t<div class=\"service-box s-box\">\r\n\t\t\t<span class=\"big-number\"><\/span>\r\n\t\t\t<div class=\"icon-main\">\r\n\t\t        \t\t\t    \t\t        <span class=\"flaticon-correct\"><\/span>\t        <\/div>\r\n\t        <div class=\"content-box\">\r\n\t            <h5>Procesadores potentes<\/h5>\r\n\t            <p>La serie Workstation 6 utiliza procesadores Intel Celeron de doble n\u00facleo a 1,8 GHz, Intel Celeron 4305UE de doble n\u00facleo a 2,00 GHz e Intel Core i5-8365UE de cuatro n\u00facleos a 4,10 GHz.<\/p>\r\n\t        <\/div>\r\n\t    <\/div>\r\n\r\n\t    \t\t\t\t<\/div>\n\t\t\t\t<\/div>\n\t\t\t\t\t<\/div>\n\t\t<\/div>\n\t\t\t\t<div class=\"elementor-column elementor-col-33 elementor-top-column elementor-element elementor-element-3685830 ot-flex-column-vertical\" data-id=\"3685830\" data-element_type=\"column\">\n\t\t\t<div class=\"elementor-widget-wrap elementor-element-populated\">\n\t\t\t\t\t\t<div class=\"elementor-element elementor-element-403e727 elementor-widget elementor-widget-iservice_box\" data-id=\"403e727\" data-element_type=\"widget\" data-widget_type=\"iservice_box.default\">\n\t\t\t\t<div class=\"elementor-widget-container\">\n\t\t\t\t\t\r\n\t\t<div class=\"service-box s-box\">\r\n\t\t\t<span class=\"big-number\"><\/span>\r\n\t\t\t<div class=\"icon-main\">\r\n\t\t        \t\t\t    \t\t        <span class=\"flaticon-correct\"><\/span>\t        <\/div>\r\n\t        <div class=\"content-box\">\r\n\t            <h5>Opciones de RAM<\/h5>\r\n\t            <p>La Workstation 6 Series se ejecuta en configuraciones de RAM de 4 GB u 8 GB de su elecci\u00f3n.<\/p>\r\n\t        <\/div>\r\n\t    <\/div>\r\n\r\n\t    \t\t\t\t<\/div>\n\t\t\t\t<\/div>\n\t\t\t\t\t<\/div>\n\t\t<\/div>\n\t\t\t\t<div class=\"elementor-column elementor-col-33 elementor-top-column elementor-element elementor-element-d000ccb ot-flex-column-vertical\" data-id=\"d000ccb\" data-element_type=\"column\">\n\t\t\t<div class=\"elementor-widget-wrap elementor-element-populated\">\n\t\t\t\t\t\t<div class=\"elementor-element elementor-element-fa18db0 elementor-widget elementor-widget-iservice_box\" data-id=\"fa18db0\" data-element_type=\"widget\" data-widget_type=\"iservice_box.default\">\n\t\t\t\t<div class=\"elementor-widget-container\">\n\t\t\t\t\t\r\n\t\t<div class=\"service-box s-box\">\r\n\t\t\t<span class=\"big-number\"><\/span>\r\n\t\t\t<div class=\"icon-main\">\r\n\t\t        \t\t\t    \t\t        <span class=\"flaticon-correct\"><\/span>\t        <\/div>\r\n\t        <div class=\"content-box\">\r\n\t            <h5> Almacenamiento<\/h5>\r\n\t            <p>La Workstation Serie 6 viene con opciones de almacenamiento SSD de 64 GB, SSD de 128 GB o SSD de 256 GB.<\/p>\r\n\t        <\/div>\r\n\t    <\/div>\r\n\r\n\t    \t\t\t\t<\/div>\n\t\t\t\t<\/div>\n\t\t\t\t\t<\/div>\n\t\t<\/div>\n\t\t\t\t\t<\/div>\n\t\t<\/section>\n\t\t\t\t<section class=\"elementor-section elementor-top-section elementor-element elementor-element-55c9a15 ot-traditional elementor-section-boxed elementor-section-height-default elementor-section-height-default\" data-id=\"55c9a15\" data-element_type=\"section\">\n\t\t\t\t\t\t<div class=\"elementor-container elementor-column-gap-extended\">\n\t\t\t\t\t<div class=\"elementor-column elementor-col-33 elementor-top-column elementor-element elementor-element-5dede1f ot-flex-column-vertical\" data-id=\"5dede1f\" data-element_type=\"column\">\n\t\t\t<div class=\"elementor-widget-wrap elementor-element-populated\">\n\t\t\t\t\t\t<div class=\"elementor-element elementor-element-1a323c2 elementor-widget elementor-widget-iservice_box\" data-id=\"1a323c2\" data-element_type=\"widget\" data-widget_type=\"iservice_box.default\">\n\t\t\t\t<div class=\"elementor-widget-container\">\n\t\t\t\t\t\r\n\t\t<div class=\"service-box s-box\">\r\n\t\t\t<span class=\"big-number\"><\/span>\r\n\t\t\t<div class=\"icon-main\">\r\n\t\t        \t\t\t    \t\t        <span class=\"flaticon-correct\"><\/span>\t        <\/div>\r\n\t        <div class=\"content-box\">\r\n\t            <h5> Refrigeraci\u00f3n sin ventilador<\/h5>\r\n\t            <p>Los sistemas de refrigeraci\u00f3n sin ventilador reducen el riesgo de sobrecalentamiento y funcionan silenciosamente para eliminar la circulaci\u00f3n de polvo, pat\u00f3genos, grasa y humedad por todo el sistema.<\/p>\r\n\t        <\/div>\r\n\t    <\/div>\r\n\r\n\t    \t\t\t\t<\/div>\n\t\t\t\t<\/div>\n\t\t\t\t\t<\/div>\n\t\t<\/div>\n\t\t\t\t<div class=\"elementor-column elementor-col-33 elementor-top-column elementor-element elementor-element-f631f96 ot-flex-column-vertical\" data-id=\"f631f96\" data-element_type=\"column\">\n\t\t\t<div class=\"elementor-widget-wrap elementor-element-populated\">\n\t\t\t\t\t\t<div class=\"elementor-element elementor-element-5e69ed6 elementor-widget elementor-widget-iservice_box\" data-id=\"5e69ed6\" data-element_type=\"widget\" data-widget_type=\"iservice_box.default\">\n\t\t\t\t<div class=\"elementor-widget-container\">\n\t\t\t\t\t\r\n\t\t<div class=\"service-box s-box\">\r\n\t\t\t<span class=\"big-number\"><\/span>\r\n\t\t\t<div class=\"icon-main\">\r\n\t\t        \t\t\t    \t\t        <span class=\"flaticon-correct\"><\/span>\t        <\/div>\r\n\t        <div class=\"content-box\">\r\n\t            <h5> Resistencia a golpes y vibraciones<\/h5>\r\n\t            <p>Nuestros sistemas tambi\u00e9n tienen una resistencia mejorada a los golpes y vibraciones, un consumo de energ\u00eda reducido y una mayor confiabilidad general.<\/p>\r\n\t        <\/div>\r\n\t    <\/div>\r\n\r\n\t    \t\t\t\t<\/div>\n\t\t\t\t<\/div>\n\t\t\t\t\t<\/div>\n\t\t<\/div>\n\t\t\t\t<div class=\"elementor-column elementor-col-33 elementor-top-column elementor-element elementor-element-51766bf ot-flex-column-vertical\" data-id=\"51766bf\" data-element_type=\"column\">\n\t\t\t<div class=\"elementor-widget-wrap elementor-element-populated\">\n\t\t\t\t\t\t<div class=\"elementor-element elementor-element-7cc1fae elementor-widget elementor-widget-iservice_box\" data-id=\"7cc1fae\" data-element_type=\"widget\" data-widget_type=\"iservice_box.default\">\n\t\t\t\t<div class=\"elementor-widget-container\">\n\t\t\t\t\t\r\n\t\t<div class=\"service-box s-box\">\r\n\t\t\t<span class=\"big-number\"><\/span>\r\n\t\t\t<div class=\"icon-main\">\r\n\t\t        \t\t\t    \t\t        <span class=\"flaticon-correct\"><\/span>\t        <\/div>\r\n\t        <div class=\"content-box\">\r\n\t            <h5>Detecci\u00f3n de casos abiertos<\/h5>\r\n\t            <p>Puede detectar la extracci\u00f3n de cualquier componente modular como lectores de banda magn\u00e9tica o esc\u00e1neres de huellas dactilares, as\u00ed como detectar cualquier apertura de la carcasa.<\/p>\r\n\t        <\/div>\r\n\t    <\/div>\r\n\r\n\t    \t\t\t\t<\/div>\n\t\t\t\t<\/div>\n\t\t\t\t\t<\/div>\n\t\t<\/div>\n\t\t\t\t\t<\/div>\n\t\t<\/section>\n\t\t\t\t<section class=\"elementor-section elementor-top-section elementor-element elementor-element-c35777f ot-traditional elementor-section-boxed elementor-section-height-default elementor-section-height-default\" data-id=\"c35777f\" data-element_type=\"section\">\n\t\t\t\t\t\t<div class=\"elementor-container elementor-column-gap-extended\">\n\t\t\t\t\t<div class=\"elementor-column elementor-col-33 elementor-top-column elementor-element elementor-element-5c87c69 ot-flex-column-vertical\" data-id=\"5c87c69\" data-element_type=\"column\">\n\t\t\t<div class=\"elementor-widget-wrap elementor-element-populated\">\n\t\t\t\t\t\t<div class=\"elementor-element elementor-element-2707817 elementor-widget elementor-widget-iservice_box\" data-id=\"2707817\" data-element_type=\"widget\" data-widget_type=\"iservice_box.default\">\n\t\t\t\t<div class=\"elementor-widget-container\">\n\t\t\t\t\t\r\n\t\t<div class=\"service-box s-box\">\r\n\t\t\t<span class=\"big-number\"><\/span>\r\n\t\t\t<div class=\"icon-main\">\r\n\t\t        \t\t\t    \t\t        <span class=\"flaticon-correct\"><\/span>\t        <\/div>\r\n\t        <div class=\"content-box\">\r\n\t            <h5> Sistemas operativos<\/h5>\r\n\t            <p>La estaci\u00f3n de trabajo serie 6 se ejecuta con velocidad y facilidad en los sistemas operativos Oracle Linux para MICROS o Windows 10 IoT Enterprise de su elecci\u00f3n.<\/p>\r\n\t        <\/div>\r\n\t    <\/div>\r\n\r\n\t    \t\t\t\t<\/div>\n\t\t\t\t<\/div>\n\t\t\t\t\t<\/div>\n\t\t<\/div>\n\t\t\t\t<div class=\"elementor-column elementor-col-33 elementor-top-column elementor-element elementor-element-6de9662 ot-flex-column-vertical\" data-id=\"6de9662\" data-element_type=\"column\">\n\t\t\t<div class=\"elementor-widget-wrap elementor-element-populated\">\n\t\t\t\t\t\t<div class=\"elementor-element elementor-element-e8a2414 elementor-widget elementor-widget-iservice_box\" data-id=\"e8a2414\" data-element_type=\"widget\" data-widget_type=\"iservice_box.default\">\n\t\t\t\t<div class=\"elementor-widget-container\">\n\t\t\t\t\t\r\n\t\t<div class=\"service-box s-box\">\r\n\t\t\t<span class=\"big-number\"><\/span>\r\n\t\t\t<div class=\"icon-main\">\r\n\t\t        \t\t\t    \t\t        <span class=\"flaticon-correct\"><\/span>\t        <\/div>\r\n\t        <div class=\"content-box\">\r\n\t            <h5> Especificaciones de la pantalla<\/h5>\r\n\t            <p>Una pantalla panor\u00e1mica HD de 15,6 pulgadas que cuenta con una pantalla t\u00e1ctil capacitiva proyectada de 300 nits o una pantalla t\u00e1ctil capacitiva proyectada de 500 nits con revestimiento antirreflejos.<\/p>\r\n\t        <\/div>\r\n\t    <\/div>\r\n\r\n\t    \t\t\t\t<\/div>\n\t\t\t\t<\/div>\n\t\t\t\t\t<\/div>\n\t\t<\/div>\n\t\t\t\t<div class=\"elementor-column elementor-col-33 elementor-top-column elementor-element elementor-element-282a0f5 ot-flex-column-vertical\" data-id=\"282a0f5\" data-element_type=\"column\">\n\t\t\t<div class=\"elementor-widget-wrap elementor-element-populated\">\n\t\t\t\t\t\t<div class=\"elementor-element elementor-element-f9be927 elementor-widget elementor-widget-iservice_box\" data-id=\"f9be927\" data-element_type=\"widget\" data-widget_type=\"iservice_box.default\">\n\t\t\t\t<div class=\"elementor-widget-container\">\n\t\t\t\t\t\r\n\t\t<div class=\"service-box s-box\">\r\n\t\t\t<span class=\"big-number\"><\/span>\r\n\t\t\t<div class=\"icon-main\">\r\n\t\t        \t\t\t    \t\t        <span class=\"flaticon-correct\"><\/span>\t        <\/div>\r\n\t        <div class=\"content-box\">\r\n\t            <h5>Resistencia al calor y la humedad.<\/h5>\r\n\t            <p>Construido para soportar temperaturas que oscilan entre 0 \u00b0C y aproximadamente 50 \u00b0C, el dise\u00f1o resistente a la humedad con clasificaci\u00f3n IP43 protege contra da\u00f1os por agua, polvo, calor y humo.<\/p>\r\n\t        <\/div>\r\n\t    <\/div>\r\n\r\n\t    \t\t\t\t<\/div>\n\t\t\t\t<\/div>\n\t\t\t\t\t<\/div>\n\t\t<\/div>\n\t\t\t\t\t<\/div>\n\t\t<\/section>\n\t\t\t\t<section class=\"elementor-section elementor-top-section elementor-element elementor-element-9f58d55 ot-traditional elementor-section-boxed elementor-section-height-default elementor-section-height-default\" data-id=\"9f58d55\" data-element_type=\"section\">\n\t\t\t\t\t\t<div class=\"elementor-container elementor-column-gap-extended\">\n\t\t\t\t\t<div class=\"elementor-column elementor-col-33 elementor-top-column elementor-element elementor-element-2aee34f ot-flex-column-vertical\" data-id=\"2aee34f\" data-element_type=\"column\">\n\t\t\t<div class=\"elementor-widget-wrap elementor-element-populated\">\n\t\t\t\t\t\t<div class=\"elementor-element elementor-element-5e99f5d elementor-widget elementor-widget-iservice_box\" data-id=\"5e99f5d\" data-element_type=\"widget\" data-widget_type=\"iservice_box.default\">\n\t\t\t\t<div class=\"elementor-widget-container\">\n\t\t\t\t\t\r\n\t\t<div class=\"service-box s-box\">\r\n\t\t\t<span class=\"big-number\"><\/span>\r\n\t\t\t<div class=\"icon-main\">\r\n\t\t        \t\t\t    \t\t        <span class=\"flaticon-correct\"><\/span>\t        <\/div>\r\n\t        <div class=\"content-box\">\r\n\t            <h5>Conectividad<\/h5>\r\n\t            <p>Una placa de E\/S expansiva admite una amplia gama de perif\u00e9ricos que utilizan USB tipo C, USB con alimentaci\u00f3n de 12 V y 24 V, tarjetas de interfaz de red adicionales y m\u00e1s.<\/p>\r\n\t        <\/div>\r\n\t    <\/div>\r\n\r\n\t    \t\t\t\t<\/div>\n\t\t\t\t<\/div>\n\t\t\t\t\t<\/div>\n\t\t<\/div>\n\t\t\t\t<div class=\"elementor-column elementor-col-33 elementor-top-column elementor-element elementor-element-db24c75 ot-flex-column-vertical\" data-id=\"db24c75\" data-element_type=\"column\">\n\t\t\t<div class=\"elementor-widget-wrap elementor-element-populated\">\n\t\t\t\t\t\t<div class=\"elementor-element elementor-element-ae6b025 elementor-widget elementor-widget-iservice_box\" data-id=\"ae6b025\" data-element_type=\"widget\" data-widget_type=\"iservice_box.default\">\n\t\t\t\t<div class=\"elementor-widget-container\">\n\t\t\t\t\t\r\n\t\t<div class=\"service-box s-box\">\r\n\t\t\t<span class=\"big-number\"><\/span>\r\n\t\t\t<div class=\"icon-main\">\r\n\t\t        \t\t\t    \t\t        <span class=\"flaticon-correct\"><\/span>\t        <\/div>\r\n\t        <div class=\"content-box\">\r\n\t            <h5>Media removible<\/h5>\r\n\t            <p>Se puede utilizar una unidad de expansi\u00f3n de almacenamiento de f\u00e1cil instalaci\u00f3n para fines de copia de seguridad o implementaciones RAID.<\/p>\r\n\t        <\/div>\r\n\t    <\/div>\r\n\r\n\t    \t\t\t\t<\/div>\n\t\t\t\t<\/div>\n\t\t\t\t\t<\/div>\n\t\t<\/div>\n\t\t\t\t<div class=\"elementor-column elementor-col-33 elementor-top-column elementor-element elementor-element-0b2b30f ot-flex-column-vertical\" data-id=\"0b2b30f\" data-element_type=\"column\">\n\t\t\t<div class=\"elementor-widget-wrap elementor-element-populated\">\n\t\t\t\t\t\t<div class=\"elementor-element elementor-element-3af4f93 elementor-widget elementor-widget-iservice_box\" data-id=\"3af4f93\" data-element_type=\"widget\" data-widget_type=\"iservice_box.default\">\n\t\t\t\t<div class=\"elementor-widget-container\">\n\t\t\t\t\t\r\n\t\t<div class=\"service-box s-box\">\r\n\t\t\t<span class=\"big-number\"><\/span>\r\n\t\t\t<div class=\"icon-main\">\r\n\t\t        \t\t\t    \t\t        <span class=\"flaticon-correct\"><\/span>\t        <\/div>\r\n\t        <div class=\"content-box\">\r\n\t            <h5>M\u00faltiples tipos de pago<\/h5>\r\n\t            <p>La Workstation 6 est\u00e1 dise\u00f1ada para aceptar todos los tipos de pago e incluso permite el uso sin conexi\u00f3n si se corta el Wi-Fi.<\/p>\r\n\t        <\/div>\r\n\t    <\/div>\r\n\r\n\t    \t\t\t\t<\/div>\n\t\t\t\t<\/div>\n\t\t\t\t\t<\/div>\n\t\t<\/div>\n\t\t\t\t\t<\/div>\n\t\t<\/section>\n\t\t\t\t<\/div>\n\t\t","protected":false},"excerpt":{"rendered":"<p>micros oracle Estaci\u00f3n de trabajo 6 terminales POS Las inversiones en hardware de POS pueden acumularse r\u00e1pidamente si est\u00e1 creando una estrategia que priorice los dispositivos m\u00f3viles. Con las soluciones Oracle, puede mantener bajos los costos de hardware de POS de su restaurante, aumentar la velocidad del servicio, ampliar los canales de ventas y reducir [&hellip;]<\/p>\n","protected":false},"author":1,"featured_media":0,"parent":2407,"menu_order":0,"comment_status":"closed","ping_status":"closed","template":"","meta":{"footnotes":""},"class_list":["post-1583","page","type-page","status-publish","hentry"],"_links":{"self":[{"href":"https:\/\/pospan.com\/newwebsite\/wp-json\/wp\/v2\/pages\/1583","targetHints":{"allow":["GET"]}}],"collection":[{"href":"https:\/\/pospan.com\/newwebsite\/wp-json\/wp\/v2\/pages"}],"about":[{"href":"https:\/\/pospan.com\/newwebsite\/wp-json\/wp\/v2\/types\/page"}],"author":[{"embeddable":true,"href":"https:\/\/pospan.com\/newwebsite\/wp-json\/wp\/v2\/users\/1"}],"replies":[{"embeddable":true,"href":"https:\/\/pospan.com\/newwebsite\/wp-json\/wp\/v2\/comments?post=1583"}],"version-history":[{"count":42,"href":"https:\/\/pospan.com\/newwebsite\/wp-json\/wp\/v2\/pages\/1583\/revisions"}],"predecessor-version":[{"id":5701,"href":"https:\/\/pospan.com\/newwebsite\/wp-json\/wp\/v2\/pages\/1583\/revisions\/5701"}],"up":[{"embeddable":true,"href":"https:\/\/pospan.com\/newwebsite\/wp-json\/wp\/v2\/pages\/2407"}],"wp:attachment":[{"href":"https:\/\/pospan.com\/newwebsite\/wp-json\/wp\/v2\/media?parent=1583"}],"curies":[{"name":"wp","href":"https:\/\/api.w.org\/{rel}","templated":true}]}}