{"id":5634,"date":"2024-05-10T17:42:00","date_gmt":"2024-05-10T15:42:00","guid":{"rendered":"https:\/\/pospan.com\/newwebsite\/?page_id=5634"},"modified":"2024-05-10T18:00:15","modified_gmt":"2024-05-10T16:00:15","slug":"quioscos-de-autoservicio-para-restaurantes-oracle","status":"publish","type":"page","link":"https:\/\/pospan.com\/newwebsite\/soluciones-oracle\/quioscos-de-autoservicio-para-restaurantes-oracle\/","title":{"rendered":"Quioscos de autoservicio para restaurantes | Oracle"},"content":{"rendered":"\t\t<div data-elementor-type=\"wp-page\" data-elementor-id=\"5634\" class=\"elementor elementor-5634\">\n\t\t\t\t\t\t<section class=\"elementor-section elementor-top-section elementor-element elementor-element-f983331 elementor-section-content-middle ot-traditional elementor-section-boxed elementor-section-height-default elementor-section-height-default\" data-id=\"f983331\" data-element_type=\"section\">\n\t\t\t\t\t\t<div class=\"elementor-container elementor-column-gap-extended\">\n\t\t\t\t\t<div class=\"elementor-column elementor-col-50 elementor-top-column elementor-element elementor-element-fb1c096 ot-flex-column-vertical\" data-id=\"fb1c096\" data-element_type=\"column\">\n\t\t\t<div class=\"elementor-widget-wrap elementor-element-populated\">\n\t\t\t\t\t\t<div class=\"elementor-element elementor-element-ab8c75d elementor-widget elementor-widget-image\" data-id=\"ab8c75d\" data-element_type=\"widget\" data-widget_type=\"image.default\">\n\t\t\t\t<div class=\"elementor-widget-container\">\n\t\t\t\t\t\t\t\t\t\t\t\t\t\t\t<img fetchpriority=\"high\" decoding=\"async\" width=\"1115\" height=\"515\" src=\"https:\/\/pospan.com\/newwebsite\/wp-content\/uploads\/2024\/05\/kiosk-oracle.png\" class=\"attachment-full size-full wp-image-5637\" alt=\"\" srcset=\"https:\/\/pospan.com\/newwebsite\/wp-content\/uploads\/2024\/05\/kiosk-oracle.png 1115w, https:\/\/pospan.com\/newwebsite\/wp-content\/uploads\/2024\/05\/kiosk-oracle-300x139.png 300w, https:\/\/pospan.com\/newwebsite\/wp-content\/uploads\/2024\/05\/kiosk-oracle-1024x473.png 1024w, https:\/\/pospan.com\/newwebsite\/wp-content\/uploads\/2024\/05\/kiosk-oracle-768x355.png 768w, https:\/\/pospan.com\/newwebsite\/wp-content\/uploads\/2024\/05\/kiosk-oracle-720x333.png 720w\" sizes=\"(max-width: 1115px) 100vw, 1115px\" \/>\t\t\t\t\t\t\t\t\t\t\t\t\t\t\t<\/div>\n\t\t\t\t<\/div>\n\t\t\t\t\t<\/div>\n\t\t<\/div>\n\t\t\t\t<div class=\"elementor-column elementor-col-50 elementor-top-column elementor-element elementor-element-8d40657 ot-flex-column-vertical\" data-id=\"8d40657\" data-element_type=\"column\">\n\t\t\t<div class=\"elementor-widget-wrap elementor-element-populated\">\n\t\t\t\t\t\t<div class=\"elementor-element elementor-element-b059e25 elementor-widget elementor-widget-iheading\" data-id=\"b059e25\" data-element_type=\"widget\" data-widget_type=\"iheading.default\">\n\t\t\t\t<div class=\"elementor-widget-container\">\n\t\t\t\t\t\t\t<div class=\"ot-heading\">\r\n\t        \t            <span>Self-Service Restaurant Kiosks<\/span>\r\n\t        <h2 class=\"main-heading\">Quioscos de autoservicio para restaurantes\n<\/h2>\t    <\/div>\r\n\t    \t\t\t\t<\/div>\n\t\t\t\t<\/div>\n\t\t\t\t<section class=\"elementor-section elementor-inner-section elementor-element elementor-element-5f1f08f elementor-section-full_width ot-traditional elementor-section-height-default elementor-section-height-default\" data-id=\"5f1f08f\" data-element_type=\"section\">\n\t\t\t\t\t\t<div class=\"elementor-container elementor-column-gap-extended\">\n\t\t\t\t\t<div class=\"elementor-column elementor-col-100 elementor-inner-column elementor-element elementor-element-4abda34 ot-flex-column-vertical\" data-id=\"4abda34\" data-element_type=\"column\">\n\t\t\t<div class=\"elementor-widget-wrap elementor-element-populated\">\n\t\t\t\t\t\t<div class=\"elementor-element elementor-element-c17b254 elementor-widget elementor-widget-text-editor\" data-id=\"c17b254\" data-element_type=\"widget\" data-widget_type=\"text-editor.default\">\n\t\t\t\t<div class=\"elementor-widget-container\">\n\t\t\t\t\t\t\t\t\t<p>\u00bfDesea mejorar la velocidad del servicio y seguir ofreciendo una experiencia excelente a los clientes? Los quioscos de autoservicio de Oracle MICROS ofrecen a los propietarios de restaurantes una flexibilidad inigualable y un servicio al cliente de primera calidad. Los quioscos se pueden implementar en cualquier entorno, desde restaurantes informales hasta locales de comida r\u00e1pida. Cada vez m\u00e1s restaurantes conf\u00edan en los quioscos equipados con el software de PDV de Simphony de Oracle para acelerar el proceso de pedido, aumentar los ingresos provenientes de los clientes y reducir los tiempos de espera para los clientes.<\/p>\t\t\t\t\t\t\t\t<\/div>\n\t\t\t\t<\/div>\n\t\t\t\t\t<\/div>\n\t\t<\/div>\n\t\t\t\t\t<\/div>\n\t\t<\/section>\n\t\t\t\t\t<\/div>\n\t\t<\/div>\n\t\t\t\t\t<\/div>\n\t\t<\/section>\n\t\t\t\t<section class=\"elementor-section elementor-top-section elementor-element elementor-element-1cf364b elementor-section-full_width ot-traditional elementor-section-height-default elementor-section-height-default\" data-id=\"1cf364b\" data-element_type=\"section\" data-settings=\"{&quot;background_background&quot;:&quot;classic&quot;}\">\n\t\t\t\t\t\t<div class=\"elementor-container elementor-column-gap-no\">\n\t\t\t\t\t<div class=\"elementor-column elementor-col-50 elementor-top-column elementor-element elementor-element-8c8e883 ot-flex-column-vertical\" data-id=\"8c8e883\" data-element_type=\"column\">\n\t\t\t<div class=\"elementor-widget-wrap elementor-element-populated\">\n\t\t\t\t\t\t<section class=\"elementor-section elementor-inner-section elementor-element elementor-element-d619fd2 elementor-section-full_width ot-traditional elementor-section-height-default elementor-section-height-default\" data-id=\"d619fd2\" data-element_type=\"section\">\n\t\t\t\t\t\t<div class=\"elementor-container elementor-column-gap-default\">\n\t\t\t\t\t<div class=\"elementor-column elementor-col-100 elementor-inner-column elementor-element elementor-element-475b0e1 ot-flex-column-vertical\" data-id=\"475b0e1\" data-element_type=\"column\">\n\t\t\t<div class=\"elementor-widget-wrap elementor-element-populated\">\n\t\t\t\t\t\t<div class=\"elementor-element elementor-element-e4bc039 elementor-widget elementor-widget-iheading\" data-id=\"e4bc039\" data-element_type=\"widget\" data-widget_type=\"iheading.default\">\n\t\t\t\t<div class=\"elementor-widget-container\">\n\t\t\t\t\t\t\t<div class=\"ot-heading\">\r\n\t        \t            <span>Self-Service Restaurant Kiosks<\/span>\r\n\t        <h2 class=\"main-heading\">El novedoso sistema de quiosco basado en la nube para restaurantes<\/h2>\t    <\/div>\r\n\t    \t\t\t\t<\/div>\n\t\t\t\t<\/div>\n\t\t\t\t<div class=\"elementor-element elementor-element-290dc59 elementor-widget elementor-widget-text-editor\" data-id=\"290dc59\" data-element_type=\"widget\" data-widget_type=\"text-editor.default\">\n\t\t\t\t<div class=\"elementor-widget-container\">\n\t\t\t\t\t\t\t\t\t<p>Las soluciones de quiosco de Oracle Food and Beverage ofrecen simplicidad y flexibilidad. Los quioscos son simplemente otra experiencia de Simphony, no se necesita duplicaci\u00f3n de men\u00fas ni mantenimiento adicional. Reutiliza nuestro hardware POS y elige entre una variedad de soportes o montajes para adaptarse al dise\u00f1o de tu restaurante y a la experiencia que prefieren tus clientes.<\/p>\t\t\t\t\t\t\t\t<\/div>\n\t\t\t\t<\/div>\n\t\t\t\t<div class=\"elementor-element elementor-element-53f85c4 elementor-widget elementor-widget-ibutton\" data-id=\"53f85c4\" data-element_type=\"widget\" data-widget_type=\"ibutton.default\">\n\t\t\t\t<div class=\"elementor-widget-container\">\n\t\t\t\t\t\t\t<div class=\"ot-button\">\r\n\t\t\t<a href=\"https:\/\/pospan.com\/newwebsite\/contacto\/\" class=\"octf-btn octf-btn-primary\">SOLICITE UNA PRUEBA<\/a>\r\n\t    <\/div>\r\n\t    \t\t\t\t<\/div>\n\t\t\t\t<\/div>\n\t\t\t\t\t<\/div>\n\t\t<\/div>\n\t\t\t\t\t<\/div>\n\t\t<\/section>\n\t\t\t\t\t<\/div>\n\t\t<\/div>\n\t\t\t\t<div class=\"elementor-column elementor-col-50 elementor-top-column elementor-element elementor-element-a2c8f86 ot-column-items-center ot-flex-column-vertical\" data-id=\"a2c8f86\" data-element_type=\"column\" data-settings=\"{&quot;background_background&quot;:&quot;classic&quot;}\">\n\t\t\t<div class=\"elementor-widget-wrap elementor-element-populated\">\n\t\t\t\t\t\t<div class=\"elementor-element elementor-element-ac869e3 elementor-widget elementor-widget-video\" data-id=\"ac869e3\" data-element_type=\"widget\" data-settings=\"{&quot;youtube_url&quot;:&quot;https:\\\/\\\/www.youtube.com\\\/watch?v=auyRExLJSFg&quot;,&quot;autoplay&quot;:&quot;yes&quot;,&quot;video_type&quot;:&quot;youtube&quot;,&quot;controls&quot;:&quot;yes&quot;}\" data-widget_type=\"video.default\">\n\t\t\t\t<div class=\"elementor-widget-container\">\n\t\t\t\t\t\t\t<div class=\"elementor-wrapper elementor-open-inline\">\n\t\t\t<div class=\"elementor-video\"><\/div>\t\t<\/div>\n\t\t\t\t\t\t<\/div>\n\t\t\t\t<\/div>\n\t\t\t\t\t<\/div>\n\t\t<\/div>\n\t\t\t\t\t<\/div>\n\t\t<\/section>\n\t\t\t\t<section class=\"elementor-section elementor-top-section elementor-element elementor-element-c2683a6 ot-traditional elementor-section-boxed elementor-section-height-default elementor-section-height-default\" data-id=\"c2683a6\" data-element_type=\"section\">\n\t\t\t\t\t\t<div class=\"elementor-container elementor-column-gap-extended\">\n\t\t\t\t\t<div class=\"elementor-column elementor-col-50 elementor-top-column elementor-element elementor-element-c78c094 ot-flex-column-vertical\" data-id=\"c78c094\" data-element_type=\"column\">\n\t\t\t<div class=\"elementor-widget-wrap elementor-element-populated\">\n\t\t\t\t\t\t<div class=\"elementor-element elementor-element-30f5848 elementor-widget elementor-widget-iservice_box\" data-id=\"30f5848\" data-element_type=\"widget\" data-widget_type=\"iservice_box.default\">\n\t\t\t\t<div class=\"elementor-widget-container\">\n\t\t\t\t\t\r\n\t\t<div class=\"service-box s-box\">\r\n\t\t\t<span class=\"big-number\"><\/span>\r\n\t\t\t<div class=\"icon-main\">\r\n\t\t        \t\t\t    \t\t        <span class=\"flaticon-correct\"><\/span>\t        <\/div>\r\n\t        <div class=\"content-box\">\r\n\t            <h5>Simphony potencia nuestros quioscos<\/h5>\r\n\t            <p>Nuestros quioscos funcionan nativamente en Simphony, lo que significa que no hay un men\u00fa especial de quiosco que administrar ni software adicional que mantener. Simplemente configura la experiencia del quiosco en la gesti\u00f3n de men\u00fas de Simphony y tu quiosco estar\u00e1 listo para funcionar. <\/p>\r\n\t        <\/div>\r\n\t    <\/div>\r\n\r\n\t    \t\t\t\t<\/div>\n\t\t\t\t<\/div>\n\t\t\t\t\t<\/div>\n\t\t<\/div>\n\t\t\t\t<div class=\"elementor-column elementor-col-50 elementor-top-column elementor-element elementor-element-3685830 ot-flex-column-vertical\" data-id=\"3685830\" data-element_type=\"column\">\n\t\t\t<div class=\"elementor-widget-wrap elementor-element-populated\">\n\t\t\t\t\t\t<div class=\"elementor-element elementor-element-403e727 elementor-widget elementor-widget-iservice_box\" data-id=\"403e727\" data-element_type=\"widget\" data-widget_type=\"iservice_box.default\">\n\t\t\t\t<div class=\"elementor-widget-container\">\n\t\t\t\t\t\r\n\t\t<div class=\"service-box s-box\">\r\n\t\t\t<span class=\"big-number\"><\/span>\r\n\t\t\t<div class=\"icon-main\">\r\n\t\t        \t\t\t    \t\t        <span class=\"flaticon-correct\"><\/span>\t        <\/div>\r\n\t        <div class=\"content-box\">\r\n\t            <h5>Integraci\u00f3n con el sistema de control de cocina<\/h5>\r\n\t            <p>Optimice los flujos de trabajo de la cocina, la calidad de los alimentos y la velocidad del servicio. Priorice los pedidos codificados por colores y las actualizaciones de los quioscos de autoservicio, el sitio web y las aplicaciones m\u00f3viles en tiempo real. <\/p>\r\n\t        <\/div>\r\n\t    <\/div>\r\n\r\n\t    \t\t\t\t<\/div>\n\t\t\t\t<\/div>\n\t\t\t\t\t<\/div>\n\t\t<\/div>\n\t\t\t\t\t<\/div>\n\t\t<\/section>\n\t\t\t\t<\/div>\n\t\t","protected":false},"excerpt":{"rendered":"<p>Self-Service Restaurant Kiosks Quioscos de autoservicio para restaurantes \u00bfDesea mejorar la velocidad del servicio y seguir ofreciendo una experiencia excelente a los clientes? Los quioscos de autoservicio de Oracle MICROS ofrecen a los propietarios de restaurantes una flexibilidad inigualable y un servicio al cliente de primera calidad. Los quioscos se pueden implementar en cualquier entorno, [&hellip;]<\/p>\n","protected":false},"author":1,"featured_media":0,"parent":2407,"menu_order":0,"comment_status":"closed","ping_status":"closed","template":"","meta":{"footnotes":""},"class_list":["post-5634","page","type-page","status-publish","hentry"],"_links":{"self":[{"href":"https:\/\/pospan.com\/newwebsite\/wp-json\/wp\/v2\/pages\/5634","targetHints":{"allow":["GET"]}}],"collection":[{"href":"https:\/\/pospan.com\/newwebsite\/wp-json\/wp\/v2\/pages"}],"about":[{"href":"https:\/\/pospan.com\/newwebsite\/wp-json\/wp\/v2\/types\/page"}],"author":[{"embeddable":true,"href":"https:\/\/pospan.com\/newwebsite\/wp-json\/wp\/v2\/users\/1"}],"replies":[{"embeddable":true,"href":"https:\/\/pospan.com\/newwebsite\/wp-json\/wp\/v2\/comments?post=5634"}],"version-history":[{"count":13,"href":"https:\/\/pospan.com\/newwebsite\/wp-json\/wp\/v2\/pages\/5634\/revisions"}],"predecessor-version":[{"id":5649,"href":"https:\/\/pospan.com\/newwebsite\/wp-json\/wp\/v2\/pages\/5634\/revisions\/5649"}],"up":[{"embeddable":true,"href":"https:\/\/pospan.com\/newwebsite\/wp-json\/wp\/v2\/pages\/2407"}],"wp:attachment":[{"href":"https:\/\/pospan.com\/newwebsite\/wp-json\/wp\/v2\/media?parent=5634"}],"curies":[{"name":"wp","href":"https:\/\/api.w.org\/{rel}","templated":true}]}}