{"id":5759,"date":"2024-05-10T20:59:41","date_gmt":"2024-05-10T18:59:41","guid":{"rendered":"https:\/\/pospan.com\/newwebsite\/?page_id=5759"},"modified":"2024-05-10T21:05:27","modified_gmt":"2024-05-10T19:05:27","slug":"oracle-tablet-700-series-oracle","status":"publish","type":"page","link":"https:\/\/pospan.com\/newwebsite\/soluciones-oracle\/oracle-tablet-700-series-oracle\/","title":{"rendered":"Oracle Tablet 700 Series | Oracle"},"content":{"rendered":"\t\t<div data-elementor-type=\"wp-page\" data-elementor-id=\"5759\" class=\"elementor elementor-5759\">\n\t\t\t\t\t\t<section class=\"elementor-section elementor-top-section elementor-element elementor-element-f983331 elementor-section-content-middle ot-traditional elementor-section-boxed elementor-section-height-default elementor-section-height-default\" data-id=\"f983331\" data-element_type=\"section\">\n\t\t\t\t\t\t<div class=\"elementor-container elementor-column-gap-extended\">\n\t\t\t\t\t<div class=\"elementor-column elementor-col-50 elementor-top-column elementor-element elementor-element-fb1c096 ot-flex-column-vertical\" data-id=\"fb1c096\" data-element_type=\"column\">\n\t\t\t<div class=\"elementor-widget-wrap elementor-element-populated\">\n\t\t\t\t\t\t<div class=\"elementor-element elementor-element-ab8c75d elementor-widget elementor-widget-image\" data-id=\"ab8c75d\" data-element_type=\"widget\" data-widget_type=\"image.default\">\n\t\t\t\t<div class=\"elementor-widget-container\">\n\t\t\t\t\t\t\t\t\t\t\t\t\t\t\t<img fetchpriority=\"high\" decoding=\"async\" width=\"400\" height=\"300\" src=\"https:\/\/pospan.com\/newwebsite\/wp-content\/uploads\/2024\/05\/tablet-700-mobile.png\" class=\"attachment-full size-full wp-image-5761\" alt=\"\" srcset=\"https:\/\/pospan.com\/newwebsite\/wp-content\/uploads\/2024\/05\/tablet-700-mobile.png 400w, https:\/\/pospan.com\/newwebsite\/wp-content\/uploads\/2024\/05\/tablet-700-mobile-300x225.png 300w\" sizes=\"(max-width: 400px) 100vw, 400px\" \/>\t\t\t\t\t\t\t\t\t\t\t\t\t\t\t<\/div>\n\t\t\t\t<\/div>\n\t\t\t\t\t<\/div>\n\t\t<\/div>\n\t\t\t\t<div class=\"elementor-column elementor-col-50 elementor-top-column elementor-element elementor-element-8d40657 ot-flex-column-vertical\" data-id=\"8d40657\" data-element_type=\"column\">\n\t\t\t<div class=\"elementor-widget-wrap elementor-element-populated\">\n\t\t\t\t\t\t<div class=\"elementor-element elementor-element-b059e25 elementor-widget elementor-widget-iheading\" data-id=\"b059e25\" data-element_type=\"widget\" data-widget_type=\"iheading.default\">\n\t\t\t\t<div class=\"elementor-widget-container\">\n\t\t\t\t\t\t\t<div class=\"ot-heading\">\r\n\t        \t            <span>micros oracle<\/span>\r\n\t        <h2 class=\"main-heading\">Tableta Oracle MICROS serie 700<\/h2>\t    <\/div>\r\n\t    \t\t\t\t<\/div>\n\t\t\t\t<\/div>\n\t\t\t\t<section class=\"elementor-section elementor-inner-section elementor-element elementor-element-5f1f08f elementor-section-full_width ot-traditional elementor-section-height-default elementor-section-height-default\" data-id=\"5f1f08f\" data-element_type=\"section\">\n\t\t\t\t\t\t<div class=\"elementor-container elementor-column-gap-extended\">\n\t\t\t\t\t<div class=\"elementor-column elementor-col-100 elementor-inner-column elementor-element elementor-element-4abda34 ot-flex-column-vertical\" data-id=\"4abda34\" data-element_type=\"column\">\n\t\t\t<div class=\"elementor-widget-wrap elementor-element-populated\">\n\t\t\t\t\t\t<div class=\"elementor-element elementor-element-c17b254 elementor-widget elementor-widget-text-editor\" data-id=\"c17b254\" data-element_type=\"widget\" data-widget_type=\"text-editor.default\">\n\t\t\t\t<div class=\"elementor-widget-container\">\n\t\t\t\t\t\t\t\t\t<p>Ampl\u00ede su huella de servicio aprovechando la tecnolog\u00eda de punto de venta m\u00f3vil. Aumente la eficiencia del servicio y redefina la experiencia del hu\u00e9sped con un POS m\u00f3vil. El dise\u00f1o liviano, la duraci\u00f3n prolongada de la bater\u00eda y la durabilidad de Oracle MICROS Tablet serie 700 son ideales para entornos de restaurantes de ritmo r\u00e1pido, acelerar los turnos de mesa y aumentar la productividad empresarial.<\/p>\t\t\t\t\t\t\t\t<\/div>\n\t\t\t\t<\/div>\n\t\t\t\t\t<\/div>\n\t\t<\/div>\n\t\t\t\t\t<\/div>\n\t\t<\/section>\n\t\t\t\t\t<\/div>\n\t\t<\/div>\n\t\t\t\t\t<\/div>\n\t\t<\/section>\n\t\t\t\t<section class=\"elementor-section elementor-top-section elementor-element elementor-element-1cf364b elementor-section-full_width ot-traditional elementor-section-height-default elementor-section-height-default\" data-id=\"1cf364b\" data-element_type=\"section\" data-settings=\"{&quot;background_background&quot;:&quot;classic&quot;}\">\n\t\t\t\t\t\t<div class=\"elementor-container elementor-column-gap-no\">\n\t\t\t\t\t<div class=\"elementor-column elementor-col-50 elementor-top-column elementor-element elementor-element-8c8e883 ot-flex-column-vertical\" data-id=\"8c8e883\" data-element_type=\"column\">\n\t\t\t<div class=\"elementor-widget-wrap elementor-element-populated\">\n\t\t\t\t\t\t<section class=\"elementor-section elementor-inner-section elementor-element elementor-element-d619fd2 elementor-section-full_width ot-traditional elementor-section-height-default elementor-section-height-default\" data-id=\"d619fd2\" data-element_type=\"section\">\n\t\t\t\t\t\t<div class=\"elementor-container elementor-column-gap-default\">\n\t\t\t\t\t<div class=\"elementor-column elementor-col-100 elementor-inner-column elementor-element elementor-element-475b0e1 ot-flex-column-vertical\" data-id=\"475b0e1\" data-element_type=\"column\">\n\t\t\t<div class=\"elementor-widget-wrap elementor-element-populated\">\n\t\t\t\t\t\t<div class=\"elementor-element elementor-element-e4bc039 elementor-widget elementor-widget-iheading\" data-id=\"e4bc039\" data-element_type=\"widget\" data-widget_type=\"iheading.default\">\n\t\t\t\t<div class=\"elementor-widget-container\">\n\t\t\t\t\t\t\t<div class=\"ot-heading\">\r\n\t        \t            <span>Tableta Oracle MICROS serie 700<\/span>\r\n\t        <h2 class=\"main-heading\">M\u00f3vil hecho f\u00e1cil<\/h2>\t    <\/div>\r\n\t    \t\t\t\t<\/div>\n\t\t\t\t<\/div>\n\t\t\t\t<div class=\"elementor-element elementor-element-290dc59 elementor-widget elementor-widget-text-editor\" data-id=\"290dc59\" data-element_type=\"widget\" data-widget_type=\"text-editor.default\">\n\t\t\t\t<div class=\"elementor-widget-container\">\n\t\t\t\t\t\t\t\t\t<ul class=\"obullets\"><li><span>Durable, liviano y de tama\u00f1o para caber dentro del bolsillo de un delantal<\/span><\/li><li><span>Permite tomar decisiones comerciales inmediatas con informes y an\u00e1lisis en tiempo real<\/span><\/li><li><span>Reduce el tiempo de carga con una bater\u00eda intercambiable en caliente de 8 horas y estaciones de carga de unidades m\u00faltiples<\/span><\/li><li><span>Se conecta a una amplia variedad de perif\u00e9ricos compatibles con Wi-Fi y Bluetooth<\/span><\/li><li><span>Optimizado para el punto de venta Oracle MICROS Simphony y Oracle MICROS RES 3700<\/span><\/li><\/ul>\t\t\t\t\t\t\t\t<\/div>\n\t\t\t\t<\/div>\n\t\t\t\t<div class=\"elementor-element elementor-element-53f85c4 elementor-widget elementor-widget-ibutton\" data-id=\"53f85c4\" data-element_type=\"widget\" data-widget_type=\"ibutton.default\">\n\t\t\t\t<div class=\"elementor-widget-container\">\n\t\t\t\t\t\t\t<div class=\"ot-button\">\r\n\t\t\t<a href=\"https:\/\/pospan.com\/newwebsite\/contacto\/\" class=\"octf-btn octf-btn-primary\">SOLICITE UNA PRUEBA<\/a>\r\n\t    <\/div>\r\n\t    \t\t\t\t<\/div>\n\t\t\t\t<\/div>\n\t\t\t\t\t<\/div>\n\t\t<\/div>\n\t\t\t\t\t<\/div>\n\t\t<\/section>\n\t\t\t\t\t<\/div>\n\t\t<\/div>\n\t\t\t\t<div class=\"elementor-column elementor-col-50 elementor-top-column elementor-element elementor-element-a2c8f86 ot-column-items-center ot-flex-column-vertical\" data-id=\"a2c8f86\" data-element_type=\"column\" data-settings=\"{&quot;background_background&quot;:&quot;classic&quot;}\">\n\t\t\t<div class=\"elementor-widget-wrap elementor-element-populated\">\n\t\t\t\t\t\t<div class=\"elementor-element elementor-element-ac869e3 elementor-widget elementor-widget-video\" data-id=\"ac869e3\" data-element_type=\"widget\" data-settings=\"{&quot;youtube_url&quot;:&quot;https:\\\/\\\/www.youtube.com\\\/watch?v=SXumRivwV2M&quot;,&quot;autoplay&quot;:&quot;yes&quot;,&quot;video_type&quot;:&quot;youtube&quot;,&quot;controls&quot;:&quot;yes&quot;}\" data-widget_type=\"video.default\">\n\t\t\t\t<div class=\"elementor-widget-container\">\n\t\t\t\t\t\t\t<div class=\"elementor-wrapper elementor-open-inline\">\n\t\t\t<div class=\"elementor-video\"><\/div>\t\t<\/div>\n\t\t\t\t\t\t<\/div>\n\t\t\t\t<\/div>\n\t\t\t\t\t<\/div>\n\t\t<\/div>\n\t\t\t\t\t<\/div>\n\t\t<\/section>\n\t\t\t\t<\/div>\n\t\t","protected":false},"excerpt":{"rendered":"<p>micros oracle Tableta Oracle MICROS serie 700 Ampl\u00ede su huella de servicio aprovechando la tecnolog\u00eda de punto de venta m\u00f3vil. Aumente la eficiencia del servicio y redefina la experiencia del hu\u00e9sped con un POS m\u00f3vil. El dise\u00f1o liviano, la duraci\u00f3n prolongada de la bater\u00eda y la durabilidad de Oracle MICROS Tablet serie 700 son ideales [&hellip;]<\/p>\n","protected":false},"author":1,"featured_media":0,"parent":2407,"menu_order":0,"comment_status":"closed","ping_status":"closed","template":"","meta":{"footnotes":""},"class_list":["post-5759","page","type-page","status-publish","hentry"],"_links":{"self":[{"href":"https:\/\/pospan.com\/newwebsite\/wp-json\/wp\/v2\/pages\/5759","targetHints":{"allow":["GET"]}}],"collection":[{"href":"https:\/\/pospan.com\/newwebsite\/wp-json\/wp\/v2\/pages"}],"about":[{"href":"https:\/\/pospan.com\/newwebsite\/wp-json\/wp\/v2\/types\/page"}],"author":[{"embeddable":true,"href":"https:\/\/pospan.com\/newwebsite\/wp-json\/wp\/v2\/users\/1"}],"replies":[{"embeddable":true,"href":"https:\/\/pospan.com\/newwebsite\/wp-json\/wp\/v2\/comments?post=5759"}],"version-history":[{"count":16,"href":"https:\/\/pospan.com\/newwebsite\/wp-json\/wp\/v2\/pages\/5759\/revisions"}],"predecessor-version":[{"id":5776,"href":"https:\/\/pospan.com\/newwebsite\/wp-json\/wp\/v2\/pages\/5759\/revisions\/5776"}],"up":[{"embeddable":true,"href":"https:\/\/pospan.com\/newwebsite\/wp-json\/wp\/v2\/pages\/2407"}],"wp:attachment":[{"href":"https:\/\/pospan.com\/newwebsite\/wp-json\/wp\/v2\/media?parent=5759"}],"curies":[{"name":"wp","href":"https:\/\/api.w.org\/{rel}","templated":true}]}}