{"id":5797,"date":"2024-05-10T21:22:28","date_gmt":"2024-05-10T19:22:28","guid":{"rendered":"https:\/\/pospan.com\/newwebsite\/?page_id=5797"},"modified":"2024-05-10T21:27:05","modified_gmt":"2024-05-10T19:27:05","slug":"informes-de-analisis-de-restaurantes-oracle","status":"publish","type":"page","link":"https:\/\/pospan.com\/newwebsite\/soluciones-oracle\/informes-de-analisis-de-restaurantes-oracle\/","title":{"rendered":"Informes de an\u00e1lisis de restaurantes | Oracle"},"content":{"rendered":"\t\t<div data-elementor-type=\"wp-page\" data-elementor-id=\"5797\" class=\"elementor elementor-5797\">\n\t\t\t\t\t\t<section class=\"elementor-section elementor-top-section elementor-element elementor-element-f983331 elementor-section-content-middle ot-traditional elementor-section-boxed elementor-section-height-default elementor-section-height-default\" data-id=\"f983331\" data-element_type=\"section\">\n\t\t\t\t\t\t<div class=\"elementor-container elementor-column-gap-extended\">\n\t\t\t\t\t<div class=\"elementor-column elementor-col-50 elementor-top-column elementor-element elementor-element-fb1c096 ot-flex-column-vertical\" data-id=\"fb1c096\" data-element_type=\"column\">\n\t\t\t<div class=\"elementor-widget-wrap elementor-element-populated\">\n\t\t\t\t\t\t<div class=\"elementor-element elementor-element-ab8c75d elementor-widget elementor-widget-image\" data-id=\"ab8c75d\" data-element_type=\"widget\" data-widget_type=\"image.default\">\n\t\t\t\t<div class=\"elementor-widget-container\">\n\t\t\t\t\t\t\t\t\t\t\t\t\t\t\t<img fetchpriority=\"high\" decoding=\"async\" width=\"770\" height=\"450\" src=\"https:\/\/pospan.com\/newwebsite\/wp-content\/uploads\/2024\/05\/symphony-reports.fw_.png\" class=\"attachment-full size-full wp-image-5802\" alt=\"\" srcset=\"https:\/\/pospan.com\/newwebsite\/wp-content\/uploads\/2024\/05\/symphony-reports.fw_.png 770w, https:\/\/pospan.com\/newwebsite\/wp-content\/uploads\/2024\/05\/symphony-reports.fw_-300x175.png 300w, https:\/\/pospan.com\/newwebsite\/wp-content\/uploads\/2024\/05\/symphony-reports.fw_-768x449.png 768w, https:\/\/pospan.com\/newwebsite\/wp-content\/uploads\/2024\/05\/symphony-reports.fw_-720x421.png 720w\" sizes=\"(max-width: 770px) 100vw, 770px\" \/>\t\t\t\t\t\t\t\t\t\t\t\t\t\t\t<\/div>\n\t\t\t\t<\/div>\n\t\t\t\t\t<\/div>\n\t\t<\/div>\n\t\t\t\t<div class=\"elementor-column elementor-col-50 elementor-top-column elementor-element elementor-element-8d40657 ot-flex-column-vertical\" data-id=\"8d40657\" data-element_type=\"column\">\n\t\t\t<div class=\"elementor-widget-wrap elementor-element-populated\">\n\t\t\t\t\t\t<div class=\"elementor-element elementor-element-b059e25 elementor-widget elementor-widget-iheading\" data-id=\"b059e25\" data-element_type=\"widget\" data-widget_type=\"iheading.default\">\n\t\t\t\t<div class=\"elementor-widget-container\">\n\t\t\t\t\t\t\t<div class=\"ot-heading\">\r\n\t        \t            <span>Simphony Point of Sale de Oracle<\/span>\r\n\t        <h2 class=\"main-heading\">Informes de an\u00e1lisis de restaurantes\n<\/h2>\t    <\/div>\r\n\t    \t\t\t\t<\/div>\n\t\t\t\t<\/div>\n\t\t\t\t<section class=\"elementor-section elementor-inner-section elementor-element elementor-element-5f1f08f elementor-section-full_width ot-traditional elementor-section-height-default elementor-section-height-default\" data-id=\"5f1f08f\" data-element_type=\"section\">\n\t\t\t\t\t\t<div class=\"elementor-container elementor-column-gap-extended\">\n\t\t\t\t\t<div class=\"elementor-column elementor-col-100 elementor-inner-column elementor-element elementor-element-4abda34 ot-flex-column-vertical\" data-id=\"4abda34\" data-element_type=\"column\">\n\t\t\t<div class=\"elementor-widget-wrap elementor-element-populated\">\n\t\t\t\t\t\t<div class=\"elementor-element elementor-element-c17b254 elementor-widget elementor-widget-text-editor\" data-id=\"c17b254\" data-element_type=\"widget\" data-widget_type=\"text-editor.default\">\n\t\t\t\t<div class=\"elementor-widget-container\">\n\t\t\t\t\t\t\t\t\t<p>El software Simphony Point of Sale de Oracle lleva el an\u00e1lisis empresarial de restaurantes a la palma de su mano. Acceda a datos cr\u00edticos para el negocio en informes y paneles claros. Obtenga informaci\u00f3n sobre las operaciones en todas las ubicaciones, desde m\u00e9tricas de alto nivel hasta cheques de hu\u00e9spedes individuales. Tome decisiones comerciales informadas r\u00e1pidamente con acceso a datos en tiempo real desde el sistema POS de su restaurante.<\/p>\t\t\t\t\t\t\t\t<\/div>\n\t\t\t\t<\/div>\n\t\t\t\t\t<\/div>\n\t\t<\/div>\n\t\t\t\t\t<\/div>\n\t\t<\/section>\n\t\t\t\t\t<\/div>\n\t\t<\/div>\n\t\t\t\t\t<\/div>\n\t\t<\/section>\n\t\t\t\t<section class=\"elementor-section elementor-top-section elementor-element elementor-element-1cf364b elementor-section-full_width ot-traditional elementor-section-height-default elementor-section-height-default\" data-id=\"1cf364b\" data-element_type=\"section\" data-settings=\"{&quot;background_background&quot;:&quot;classic&quot;}\">\n\t\t\t\t\t\t<div class=\"elementor-container elementor-column-gap-no\">\n\t\t\t\t\t<div class=\"elementor-column elementor-col-50 elementor-top-column elementor-element elementor-element-8c8e883 ot-flex-column-vertical\" data-id=\"8c8e883\" data-element_type=\"column\">\n\t\t\t<div class=\"elementor-widget-wrap elementor-element-populated\">\n\t\t\t\t\t\t<section class=\"elementor-section elementor-inner-section elementor-element elementor-element-d619fd2 elementor-section-full_width ot-traditional elementor-section-height-default elementor-section-height-default\" data-id=\"d619fd2\" data-element_type=\"section\">\n\t\t\t\t\t\t<div class=\"elementor-container elementor-column-gap-default\">\n\t\t\t\t\t<div class=\"elementor-column elementor-col-100 elementor-inner-column elementor-element elementor-element-475b0e1 ot-flex-column-vertical\" data-id=\"475b0e1\" data-element_type=\"column\">\n\t\t\t<div class=\"elementor-widget-wrap elementor-element-populated\">\n\t\t\t\t\t\t<div class=\"elementor-element elementor-element-e4bc039 elementor-widget elementor-widget-iheading\" data-id=\"e4bc039\" data-element_type=\"widget\" data-widget_type=\"iheading.default\">\n\t\t\t\t<div class=\"elementor-widget-container\">\n\t\t\t\t\t\t\t<div class=\"ot-heading\">\r\n\t        \t            <span>Informes de an\u00e1lisis de restaurantes<\/span>\r\n\t        <h2 class=\"main-heading\">Informes POS para restaurantes de todos los tama\u00f1os\n<\/h2>\t    <\/div>\r\n\t    \t\t\t\t<\/div>\n\t\t\t\t<\/div>\n\t\t\t\t<div class=\"elementor-element elementor-element-290dc59 elementor-widget elementor-widget-text-editor\" data-id=\"290dc59\" data-element_type=\"widget\" data-widget_type=\"text-editor.default\">\n\t\t\t\t<div class=\"elementor-widget-container\">\n\t\t\t\t\t\t\t\t\t<p>Tome el control de su restaurante desde la palma de su mano, ya sea propietario de una peque\u00f1a empresa o de una cadena global de restaurantes. Nuestro software POS para restaurantes lo ayudar\u00e1 a ver tendencias, crear pron\u00f3sticos e identificar oportunidades desde su computadora de escritorio, tableta o aplicaci\u00f3n m\u00f3vil.<\/p>\t\t\t\t\t\t\t\t<\/div>\n\t\t\t\t<\/div>\n\t\t\t\t<div class=\"elementor-element elementor-element-53f85c4 elementor-widget elementor-widget-ibutton\" data-id=\"53f85c4\" data-element_type=\"widget\" data-widget_type=\"ibutton.default\">\n\t\t\t\t<div class=\"elementor-widget-container\">\n\t\t\t\t\t\t\t<div class=\"ot-button\">\r\n\t\t\t<a href=\"https:\/\/pospan.com\/newwebsite\/contacto\/\" class=\"octf-btn octf-btn-primary\">SOLICITE UNA PRUEBA<\/a>\r\n\t    <\/div>\r\n\t    \t\t\t\t<\/div>\n\t\t\t\t<\/div>\n\t\t\t\t\t<\/div>\n\t\t<\/div>\n\t\t\t\t\t<\/div>\n\t\t<\/section>\n\t\t\t\t\t<\/div>\n\t\t<\/div>\n\t\t\t\t<div class=\"elementor-column elementor-col-50 elementor-top-column elementor-element elementor-element-a2c8f86 ot-column-items-center ot-flex-column-vertical\" data-id=\"a2c8f86\" data-element_type=\"column\" data-settings=\"{&quot;background_background&quot;:&quot;classic&quot;}\">\n\t\t\t<div class=\"elementor-widget-wrap elementor-element-populated\">\n\t\t\t\t\t\t<div class=\"elementor-element elementor-element-ac869e3 elementor-widget elementor-widget-video\" data-id=\"ac869e3\" data-element_type=\"widget\" data-settings=\"{&quot;youtube_url&quot;:&quot;https:\\\/\\\/www.youtube.com\\\/watch?v=jX4ZgUA6GzA&quot;,&quot;autoplay&quot;:&quot;yes&quot;,&quot;video_type&quot;:&quot;youtube&quot;,&quot;controls&quot;:&quot;yes&quot;}\" data-widget_type=\"video.default\">\n\t\t\t\t<div class=\"elementor-widget-container\">\n\t\t\t\t\t\t\t<div class=\"elementor-wrapper elementor-open-inline\">\n\t\t\t<div class=\"elementor-video\"><\/div>\t\t<\/div>\n\t\t\t\t\t\t<\/div>\n\t\t\t\t<\/div>\n\t\t\t\t\t<\/div>\n\t\t<\/div>\n\t\t\t\t\t<\/div>\n\t\t<\/section>\n\t\t\t\t<\/div>\n\t\t","protected":false},"excerpt":{"rendered":"<p>Simphony Point of Sale de Oracle Informes de an\u00e1lisis de restaurantes El software Simphony Point of Sale de Oracle lleva el an\u00e1lisis empresarial de restaurantes a la palma de su mano. Acceda a datos cr\u00edticos para el negocio en informes y paneles claros. Obtenga informaci\u00f3n sobre las operaciones en todas las ubicaciones, desde m\u00e9tricas de [&hellip;]<\/p>\n","protected":false},"author":1,"featured_media":0,"parent":2407,"menu_order":0,"comment_status":"closed","ping_status":"closed","template":"","meta":{"footnotes":""},"class_list":["post-5797","page","type-page","status-publish","hentry"],"_links":{"self":[{"href":"https:\/\/pospan.com\/newwebsite\/wp-json\/wp\/v2\/pages\/5797","targetHints":{"allow":["GET"]}}],"collection":[{"href":"https:\/\/pospan.com\/newwebsite\/wp-json\/wp\/v2\/pages"}],"about":[{"href":"https:\/\/pospan.com\/newwebsite\/wp-json\/wp\/v2\/types\/page"}],"author":[{"embeddable":true,"href":"https:\/\/pospan.com\/newwebsite\/wp-json\/wp\/v2\/users\/1"}],"replies":[{"embeddable":true,"href":"https:\/\/pospan.com\/newwebsite\/wp-json\/wp\/v2\/comments?post=5797"}],"version-history":[{"count":13,"href":"https:\/\/pospan.com\/newwebsite\/wp-json\/wp\/v2\/pages\/5797\/revisions"}],"predecessor-version":[{"id":5811,"href":"https:\/\/pospan.com\/newwebsite\/wp-json\/wp\/v2\/pages\/5797\/revisions\/5811"}],"up":[{"embeddable":true,"href":"https:\/\/pospan.com\/newwebsite\/wp-json\/wp\/v2\/pages\/2407"}],"wp:attachment":[{"href":"https:\/\/pospan.com\/newwebsite\/wp-json\/wp\/v2\/media?parent=5797"}],"curies":[{"name":"wp","href":"https:\/\/api.w.org\/{rel}","templated":true}]}}